{"id":239,"date":"2014-03-12T18:33:21","date_gmt":"2014-03-12T17:33:21","guid":{"rendered":"http:\/\/sama-sama.fr\/test\/?page_id=239"},"modified":"2014-04-06T13:34:15","modified_gmt":"2014-04-06T12:34:15","slug":"le-projet-sama-sama","status":"publish","type":"page","link":"http:\/\/sama-sama.fr\/test\/le-projet-sama-sama\/","title":{"rendered":"Le projet Sama-Sama"},"content":{"rendered":"<p style=\"text-align: center;\"><strong>Le projet Sama-Sama<\/strong><\/p>\n<p style=\"text-align: center;\">Notre projet est n\u00e9 d\u2019un coup de c\u0153ur avec l\u2019Indon\u00e9sie.<br \/>\nDepuis 2008, nous sillonnons l\u2019immense archipel\u00a0pendant nos vacances\u00a0: Sulawesi, Java, Flores, Bali, Komodo, Rinca, Bunaken, Gilli\u2026<br \/>\nDe sites touristiques en villages perdus dans la jungle, de rencontres ethniques en rencontres artistiques, de contemplations de rizi\u00e8res en plong\u00e9es sous marines\u2026 nous sommes conquis par cet archipel et nous avons une r\u00e9elle fascination pour la cr\u00e9ativit\u00e9 des Indon\u00e9siens.<br \/>\nC\u2019est \u00e0 Bali que nous avons les premiers frissons artistiques. Au d\u00e9tour des routes, nous d\u00e9couvrons la diversit\u00e9 et la multitude de l\u2019artisanat. Nous sommes sous le charme de v\u00e9ritables artistes, peintres, sculpteurs, quelquefois simplement assis\u00a0\u00e0 m\u00eame le sol dans une rizi\u00e8re et r\u00e9alisant de mani\u00e8re instinctive leur cr\u00e9ation.<\/p>\n<p style=\"text-align: center;\">Au cours d\u2019un de ces p\u00e9riples, nous arr\u00eatons notre scooter au d\u00e9tour d\u2019une \u00e9choppe poussi\u00e9reuse car nous sommes interpell\u00e9s par la pancarte\u2026<\/p>\n<p style=\"text-align: center;\"><strong>\u00ab\u00a0Fossile, 25\u00a0millions d\u2019ann\u00e9es\u00a0\u00bb<\/strong><\/p>\n<p style=\"text-align: center;\">En toute modestie, le bois fossilis\u00e9 n\u2019est pas nouveau pour la plan\u00e8te, loin de l\u00e0, mais \u00e0 cet instant il \u00e9tait nouveau pour nous. Les jours suivant, la lecture, l\u2019imagination et la cr\u00e9ativit\u00e9 feront le reste\u2026 Une passion est n\u00e9e, elle s\u2019appelle \u00ab\u00a0bois fossilis\u00e9\u00a0\u00bb.<\/p>\n","protected":false},"excerpt":{"rendered":"<p>Le projet Sama-Sama Notre projet est n\u00e9 d\u2019un coup de c\u0153ur avec l\u2019Indon\u00e9sie. Depuis 2008, nous sillonnons l\u2019immense archipel\u00a0pendant nos vacances\u00a0: Sulawesi, Java, Flores, Bali, Komodo, Rinca, Bunaken, Gilli\u2026 De sites touristiques en villages perdus dans la jungle, de rencontres ethniques en rencontres artistiques, de contemplations de rizi\u00e8res en plong\u00e9es \u2026 <a class=\"continue-reading-link\" href=\"http:\/\/sama-sama.fr\/test\/le-projet-sama-sama\/\"> Continue reading <span class=\"meta-nav\">&rarr; <\/span><\/a><\/p>\n","protected":false},"author":1,"featured_media":0,"parent":0,"menu_order":0,"comment_status":"closed","ping_status":"closed","template":"","meta":[],"_links":{"self":[{"href":"http:\/\/sama-sama.fr\/test\/wp-json\/wp\/v2\/pages\/239"}],"collection":[{"href":"http:\/\/sama-sama.fr\/test\/wp-json\/wp\/v2\/pages"}],"about":[{"href":"http:\/\/sama-sama.fr\/test\/wp-json\/wp\/v2\/types\/page"}],"author":[{"embeddable":true,"href":"http:\/\/sama-sama.fr\/test\/wp-json\/wp\/v2\/users\/1"}],"replies":[{"embeddable":true,"href":"http:\/\/sama-sama.fr\/test\/wp-json\/wp\/v2\/comments?post=239"}],"version-history":[{"count":7,"href":"http:\/\/sama-sama.fr\/test\/wp-json\/wp\/v2\/pages\/239\/revisions"}],"predecessor-version":[{"id":741,"href":"http:\/\/sama-sama.fr\/test\/wp-json\/wp\/v2\/pages\/239\/revisions\/741"}],"wp:attachment":[{"href":"http:\/\/sama-sama.fr\/test\/wp-json\/wp\/v2\/media?parent=239"}],"curies":[{"name":"wp","href":"https:\/\/api.w.org\/{rel}","templated":true}]}}