{"id":241,"date":"2014-03-12T18:33:41","date_gmt":"2014-03-12T17:33:41","guid":{"rendered":"http:\/\/sama-sama.fr\/test\/?page_id=241"},"modified":"2014-04-06T13:36:36","modified_gmt":"2014-04-06T12:36:36","slug":"sama-sama-raison-detre-et-signification","status":"publish","type":"page","link":"http:\/\/sama-sama.fr\/test\/sama-sama-raison-detre-et-signification\/","title":{"rendered":"Sama-Sama, raison d\u2019\u00eatre et signification"},"content":{"rendered":"<p style=\"text-align: left;\"><strong>\u00ab\u00a0Sama-Sama\u00a0\u00bb commercialise deux collections\u00a0:<\/strong><\/p>\n<p style=\"text-align: left;\">1) les installations artistiques con\u00e7ues par V\u00e9ronique Villatte et Philippe Rey en Indon\u00e9sie\u00a0 (voir <a title=\"Coin des artistes\" href=\"http:\/\/sama-sama.fr\/test\/coin-des-artistes\/\" target=\"_blank\">coin des artistes<\/a>). Ces cr\u00e9ations sont compos\u00e9es de bois fossilis\u00e9.<\/p>\n<p style=\"text-align: left;\">2) les pi\u00e8ces de bois fossilis\u00e9 exceptionnelles, achet\u00e9es en Indon\u00e9sie par V\u00e9ronique Villatte et Philippe Rey puis export\u00e9es en Europe pour des applications de d\u00e9coration int\u00e9rieure.<\/p>\n<p style=\"text-align: left;\"><strong>Sama &#8211; Sama<\/strong><\/p>\n<p style=\"text-align: left;\">\u00ab\u00a0Sama-Sama\u00a0\u00bb traduit simplement ce sentiment de se sentir bienvenu dans toutes les \u00eeles de l\u2019archipel Indon\u00e9sien que nous avons visit\u00e9es. \u00ab\u00a0Sama-Sama\u00a0\u00bb veut dire \u00ab\u00a0Bienvenue, je vous en prie\u00a0\u00bb en Indon\u00e9sien.<\/p>\n<p style=\"text-align: left;\"><strong>L\u2019\u00e9cho d\u2019ailleurs<\/strong><\/p>\n<p style=\"text-align: left;\">\u00ab\u00a0L\u2019\u00e9cho d\u2019ailleurs\u00a0\u00bb transmet cette impression de quelque chose qui nous est renvoy\u00e9 (\u00e9cho) d\u2019un autre temps ou d\u2019un endroit lointain (d\u2019ailleurs).Bien entendu, \u00ab \u00e9cho d\u2019ailleurs\u00a0\u00bb repr\u00e9sente le lien avec le bois fossilis\u00e9 : un autre temps, un autre lieu.<\/p>\n","protected":false},"excerpt":{"rendered":"<p>\u00ab\u00a0Sama-Sama\u00a0\u00bb commercialise deux collections\u00a0: 1) les installations artistiques con\u00e7ues par V\u00e9ronique Villatte et Philippe Rey en Indon\u00e9sie\u00a0 (voir coin des artistes). Ces cr\u00e9ations sont compos\u00e9es de bois fossilis\u00e9. 2) les pi\u00e8ces de bois fossilis\u00e9 exceptionnelles, achet\u00e9es en Indon\u00e9sie par V\u00e9ronique Villatte et Philippe Rey puis export\u00e9es en Europe pour des \u2026 <a class=\"continue-reading-link\" href=\"http:\/\/sama-sama.fr\/test\/sama-sama-raison-detre-et-signification\/\"> Continue reading <span class=\"meta-nav\">&rarr; <\/span><\/a><\/p>\n","protected":false},"author":1,"featured_media":0,"parent":0,"menu_order":0,"comment_status":"closed","ping_status":"closed","template":"","meta":[],"_links":{"self":[{"href":"http:\/\/sama-sama.fr\/test\/wp-json\/wp\/v2\/pages\/241"}],"collection":[{"href":"http:\/\/sama-sama.fr\/test\/wp-json\/wp\/v2\/pages"}],"about":[{"href":"http:\/\/sama-sama.fr\/test\/wp-json\/wp\/v2\/types\/page"}],"author":[{"embeddable":true,"href":"http:\/\/sama-sama.fr\/test\/wp-json\/wp\/v2\/users\/1"}],"replies":[{"embeddable":true,"href":"http:\/\/sama-sama.fr\/test\/wp-json\/wp\/v2\/comments?post=241"}],"version-history":[{"count":10,"href":"http:\/\/sama-sama.fr\/test\/wp-json\/wp\/v2\/pages\/241\/revisions"}],"predecessor-version":[{"id":742,"href":"http:\/\/sama-sama.fr\/test\/wp-json\/wp\/v2\/pages\/241\/revisions\/742"}],"wp:attachment":[{"href":"http:\/\/sama-sama.fr\/test\/wp-json\/wp\/v2\/media?parent=241"}],"curies":[{"name":"wp","href":"https:\/\/api.w.org\/{rel}","templated":true}]}}