{"id":247,"date":"2014-03-12T18:34:39","date_gmt":"2014-03-12T17:34:39","guid":{"rendered":"http:\/\/sama-sama.fr\/test\/?page_id=247"},"modified":"2014-04-06T19:32:11","modified_gmt":"2014-04-06T18:32:11","slug":"coin-des-artistes","status":"publish","type":"page","link":"http:\/\/sama-sama.fr\/test\/coin-des-artistes\/","title":{"rendered":"Coin des artistes"},"content":{"rendered":"<p><strong>V\u00e9ronique Villatte<\/strong><\/p>\n<p>\u00ab\u00a0Demeurer dans cette r\u00e9gion du monde, l&rsquo;Indon\u00e9sie, contribue \u00e0 me mettre dans un \u00e9tat d\u2019esprit de cr\u00e9ativit\u00e9. Il y a de la s\u00e9r\u00e9nit\u00e9, de l\u2019harmonie et je r\u00e9apprends \u00e0 prendre mon temps\u00a0\u00bb.<\/p>\n<table>\n<tbody>\n<tr>\n<td class=\"couleur-cellule\"><img loading=\"lazy\" class=\"alignnone size-full wp-image-284\" alt=\"V\u00e9ronique\" src=\"http:\/\/sama-sama.fr\/test\/wp-content\/uploads\/2014\/03\/V\u00e9ronique.png\" width=\"367\" height=\"663\" srcset=\"http:\/\/sama-sama.fr\/test\/wp-content\/uploads\/2014\/03\/V\u00e9ronique.png 367w, http:\/\/sama-sama.fr\/test\/wp-content\/uploads\/2014\/03\/V\u00e9ronique-166x300.png 166w, http:\/\/sama-sama.fr\/test\/wp-content\/uploads\/2014\/03\/V\u00e9ronique-83x150.png 83w\" sizes=\"(max-width: 367px) 100vw, 367px\" \/><\/td>\n<td class=\"couleur-cellule\">Expositions :<br \/>\n1988-1990 : expositions de sculpture avec \u00ab Creasculpt \u00bb en Ile de France.<br \/>\n2009-2014 : membre de l\u2019association des Artistes Bryards, expositions \u00e9v\u00e9nementielles : festival de l\u2019eau, de l\u2019art rue, de l\u2019art hors mur.<br \/>\n2010 : exposition de peinture au Salon des artistes Bryards.<br \/>\n2011 : exposition de peinture \u00ab Grand bleu \u00bb \u00e0 la MJC Louis Lepage.<\/td>\n<\/tr>\n<\/tbody>\n<\/table>\n<p><strong>Philippe Rey<\/strong><\/p>\n<p>\u00ab\u00a0Le bois fossilis\u00e9 a captur\u00e9 des images vieilles de millions d\u2019ann\u00e9es. Si vous prenez le temps de le comprendre, de distinguer et de lire dans ce mat\u00e9riau d\u2019exception, il vous restitue ces images d\u2019un autre temps\u00a0: la terre, le feu, l\u2019air, l\u2019eau, les quatre \u00e9l\u00e9ments essentiels \u00e0 la naissance de la vie.\u00a0\u00bb<\/p>\n<table>\n<tbody>\n<tr>\n<td class=\"couleur-cellule\"><img loading=\"lazy\" class=\"alignnone size-full wp-image-285\" alt=\"Philippe\" src=\"http:\/\/sama-sama.fr\/test\/wp-content\/uploads\/2014\/03\/Philippe.jpg\" width=\"485\" height=\"477\" srcset=\"http:\/\/sama-sama.fr\/test\/wp-content\/uploads\/2014\/03\/Philippe.jpg 485w, http:\/\/sama-sama.fr\/test\/wp-content\/uploads\/2014\/03\/Philippe-300x295.jpg 300w, http:\/\/sama-sama.fr\/test\/wp-content\/uploads\/2014\/03\/Philippe-152x150.jpg 152w, http:\/\/sama-sama.fr\/test\/wp-content\/uploads\/2014\/03\/Philippe-150x147.jpg 150w\" sizes=\"(max-width: 485px) 100vw, 485px\" \/><\/td>\n<td class=\"couleur-cellule\"><\/td>\n<\/tr>\n<\/tbody>\n<\/table>\n","protected":false},"excerpt":{"rendered":"<p>V\u00e9ronique Villatte \u00ab\u00a0Demeurer dans cette r\u00e9gion du monde, l&rsquo;Indon\u00e9sie, contribue \u00e0 me mettre dans un \u00e9tat d\u2019esprit de cr\u00e9ativit\u00e9. Il y a de la s\u00e9r\u00e9nit\u00e9, de l\u2019harmonie et je r\u00e9apprends \u00e0 prendre mon temps\u00a0\u00bb. Expositions : 1988-1990 : expositions de sculpture avec \u00ab Creasculpt \u00bb en Ile de France. 2009-2014 \u2026 <a class=\"continue-reading-link\" href=\"http:\/\/sama-sama.fr\/test\/coin-des-artistes\/\"> Continue reading <span class=\"meta-nav\">&rarr; <\/span><\/a><\/p>\n","protected":false},"author":1,"featured_media":0,"parent":0,"menu_order":0,"comment_status":"closed","ping_status":"closed","template":"","meta":[],"_links":{"self":[{"href":"http:\/\/sama-sama.fr\/test\/wp-json\/wp\/v2\/pages\/247"}],"collection":[{"href":"http:\/\/sama-sama.fr\/test\/wp-json\/wp\/v2\/pages"}],"about":[{"href":"http:\/\/sama-sama.fr\/test\/wp-json\/wp\/v2\/types\/page"}],"author":[{"embeddable":true,"href":"http:\/\/sama-sama.fr\/test\/wp-json\/wp\/v2\/users\/1"}],"replies":[{"embeddable":true,"href":"http:\/\/sama-sama.fr\/test\/wp-json\/wp\/v2\/comments?post=247"}],"version-history":[{"count":29,"href":"http:\/\/sama-sama.fr\/test\/wp-json\/wp\/v2\/pages\/247\/revisions"}],"predecessor-version":[{"id":746,"href":"http:\/\/sama-sama.fr\/test\/wp-json\/wp\/v2\/pages\/247\/revisions\/746"}],"wp:attachment":[{"href":"http:\/\/sama-sama.fr\/test\/wp-json\/wp\/v2\/media?parent=247"}],"curies":[{"name":"wp","href":"https:\/\/api.w.org\/{rel}","templated":true}]}}