{"id":249,"date":"2014-03-12T18:36:15","date_gmt":"2014-03-12T17:36:15","guid":{"rendered":"http:\/\/sama-sama.fr\/test\/?page_id=249"},"modified":"2014-04-18T15:01:10","modified_gmt":"2014-04-18T14:01:10","slug":"lignes-de-produits","status":"publish","type":"page","link":"http:\/\/sama-sama.fr\/test\/lignes-de-produits\/","title":{"rendered":"Lignes de produits"},"content":{"rendered":"<p><strong>Nos lignes de produits<\/p>\n<p><\/strong><\/p>\n<p><strong>Ethnique<\/strong><br \/>\nCompositions associant les graphismes du bois fossilis\u00e9 \u00e0 des \u00e9vocations tribales<\/p>\n<h6><a href=\"http:\/\/sama-sama.fr\/test\/wp-content\/uploads\/2014\/03\/Picture5.jpg\"><img loading=\"lazy\" class=\"size-thumbnail wp-image-34  alignnone\" src=\"http:\/\/sama-sama.fr\/test\/wp-content\/uploads\/2014\/03\/Picture5-150x150.jpg\" alt=\"La grotte aux chauves-souris\" width=\"150\" height=\"150\" \/><\/a><br \/>\nLa grotte aux chauves-souris<\/h6>\n<p><strong><br \/>\nEntre ciel et terre<\/strong><br \/>\nPaysages r\u00e9v\u00e9l\u00e9s par les couleurs, les nervures, les nuances et les empreintes du bois<\/p>\n<h6><a href=\"http:\/\/sama-sama.fr\/test\/wp-content\/uploads\/2014\/03\/Picture12.jpg\"><img loading=\"lazy\" class=\"size-thumbnail wp-image-27   alignnone\" src=\"http:\/\/sama-sama.fr\/test\/wp-content\/uploads\/2014\/03\/Picture12-150x150.jpg\" alt=\"Montagnes argent\u00e9es\" width=\"150\" height=\"150\" \/><\/a><br \/>\nMontagnes argent\u00e9es<\/h6>\n<p><strong><br \/>\nPierre, verre et bois<\/strong><br \/>\nAssociation de bois fossilis\u00e9, roche volcanique et verre couleur de Jade illumin\u00e9 par un faisceau led<\/p>\n<h6><a href=\"http:\/\/sama-sama.fr\/test\/wp-content\/uploads\/2014\/03\/boudha-manquant-e1394649340533.jpg\"><img loading=\"lazy\" class=\"size-thumbnail wp-image-290  alignnone\" src=\"http:\/\/sama-sama.fr\/test\/wp-content\/uploads\/2014\/03\/boudha-manquant-e1394649340533-150x150.jpg\" alt=\"Bouddha lumiere rouge\" width=\"150\" height=\"150\" \/><\/a><br \/>\nBouddha lumi\u00e8re rouge<\/h6>\n<p><strong><br \/>\nSc\u00e8nes paysages<\/strong><br \/>\nBois fossilis\u00e9 dans des sc\u00e9nographies et installations<\/p>\n<h6><a href=\"http:\/\/sama-sama.fr\/test\/wp-content\/uploads\/2014\/03\/Picture34.jpg\"><img loading=\"lazy\" class=\"size-thumbnail wp-image-39  alignnone\" src=\"http:\/\/sama-sama.fr\/test\/wp-content\/uploads\/2014\/03\/Picture34-150x150.jpg\" alt=\"Arbre \u00e0 bijoux\" width=\"150\" height=\"150\" \/><\/a><br \/>\nArbre \u00e0 bijoux<\/h6>\n","protected":false},"excerpt":{"rendered":"<p>Nos lignes de produits Ethnique Compositions associant les graphismes du bois fossilis\u00e9 \u00e0 des \u00e9vocations tribales La grotte aux chauves-souris Entre ciel et terre Paysages r\u00e9v\u00e9l\u00e9s par les couleurs, les nervures, les nuances et les empreintes du bois Montagnes argent\u00e9es Pierre, verre et bois Association de bois fossilis\u00e9, roche volcanique \u2026 <a class=\"continue-reading-link\" href=\"http:\/\/sama-sama.fr\/test\/lignes-de-produits\/\"> Continue reading <span class=\"meta-nav\">&rarr; <\/span><\/a><\/p>\n","protected":false},"author":1,"featured_media":0,"parent":0,"menu_order":0,"comment_status":"closed","ping_status":"closed","template":"","meta":[],"_links":{"self":[{"href":"http:\/\/sama-sama.fr\/test\/wp-json\/wp\/v2\/pages\/249"}],"collection":[{"href":"http:\/\/sama-sama.fr\/test\/wp-json\/wp\/v2\/pages"}],"about":[{"href":"http:\/\/sama-sama.fr\/test\/wp-json\/wp\/v2\/types\/page"}],"author":[{"embeddable":true,"href":"http:\/\/sama-sama.fr\/test\/wp-json\/wp\/v2\/users\/1"}],"replies":[{"embeddable":true,"href":"http:\/\/sama-sama.fr\/test\/wp-json\/wp\/v2\/comments?post=249"}],"version-history":[{"count":54,"href":"http:\/\/sama-sama.fr\/test\/wp-json\/wp\/v2\/pages\/249\/revisions"}],"predecessor-version":[{"id":289,"href":"http:\/\/sama-sama.fr\/test\/wp-json\/wp\/v2\/pages\/249\/revisions\/289"}],"wp:attachment":[{"href":"http:\/\/sama-sama.fr\/test\/wp-json\/wp\/v2\/media?parent=249"}],"curies":[{"name":"wp","href":"https:\/\/api.w.org\/{rel}","templated":true}]}}