{"id":251,"date":"2014-03-12T18:36:34","date_gmt":"2014-03-12T17:36:34","guid":{"rendered":"http:\/\/sama-sama.fr\/test\/?page_id=251"},"modified":"2014-04-10T21:06:36","modified_gmt":"2014-04-10T20:06:36","slug":"les-troncs-socles-et-presentoirs","status":"publish","type":"page","link":"http:\/\/sama-sama.fr\/test\/les-troncs-socles-et-presentoirs\/","title":{"rendered":"Les troncs, socles et pr\u00e9sentoirs"},"content":{"rendered":"<table>\n<tbody>\n<tr>\n<td class=\"couleur-cellule\"><img loading=\"lazy\" class=\"alignnone size-medium wp-image-699\" alt=\"petwood1\" src=\"http:\/\/sama-sama.fr\/test\/wp-content\/uploads\/2014\/03\/petwood1-e1396297165469-225x300.jpg\" width=\"225\" height=\"300\" srcset=\"http:\/\/sama-sama.fr\/test\/wp-content\/uploads\/2014\/03\/petwood1-e1396297165469-225x300.jpg 225w, http:\/\/sama-sama.fr\/test\/wp-content\/uploads\/2014\/03\/petwood1-e1396297165469.jpg 480w\" sizes=\"(max-width: 225px) 100vw, 225px\" \/><\/td>\n<td class=\"couleur-cellule\">Blanc et cr\u00e8me, veines rouges dominantes<br \/>\nHauteur : 44cm \u2013 Diam\u00e8tre ovo\u00efde : 40cm<br \/>\nPoids : 100 Kg<\/td>\n<td class=\"couleur-cellule\"><img loading=\"lazy\" class=\"alignnone size-medium wp-image-698\" alt=\"petwood2\" src=\"http:\/\/sama-sama.fr\/test\/wp-content\/uploads\/2014\/03\/petwood2-e1396297504595-225x300.jpg\" width=\"225\" height=\"300\" srcset=\"http:\/\/sama-sama.fr\/test\/wp-content\/uploads\/2014\/03\/petwood2-e1396297504595-225x300.jpg 225w, http:\/\/sama-sama.fr\/test\/wp-content\/uploads\/2014\/03\/petwood2-e1396297504595.jpg 480w\" sizes=\"(max-width: 225px) 100vw, 225px\" \/><\/td>\n<td class=\"couleur-cellule\">Blanc et gris clair, veines noires<br \/>\nHauteur : 52cm \u2013 Diam\u00e8tre ovoide : 32cm<br \/>\nPoids : 75 Kg<\/td>\n<\/tr>\n<tr>\n<td class=\"couleur-cellule\"><img loading=\"lazy\" class=\"alignnone size-medium wp-image-697\" alt=\"petwood3\" src=\"http:\/\/sama-sama.fr\/test\/wp-content\/uploads\/2014\/03\/petwood3-e1396694642867-225x300.jpg\" width=\"225\" height=\"300\" srcset=\"http:\/\/sama-sama.fr\/test\/wp-content\/uploads\/2014\/03\/petwood3-e1396694642867-225x300.jpg 225w, http:\/\/sama-sama.fr\/test\/wp-content\/uploads\/2014\/03\/petwood3-e1396694642867.jpg 480w\" sizes=\"(max-width: 225px) 100vw, 225px\" \/><\/td>\n<td class=\"couleur-cellule\">Blanc et beige dominant, veines brunes et ocres, effet miroir et glac\u00e9<br \/>\nDeux pi\u00e8ces<br \/>\nHauteur : 51cm et 55cm \u2013 Diam\u00e8tre ovo\u00efde : 17cm et 18cm<br \/>\nPoids : 32 Kg et 34 Kg<\/td>\n<td class=\"couleur-cellule\"><img loading=\"lazy\" class=\"alignnone size-medium wp-image-696\" alt=\"petwood4\" src=\"http:\/\/sama-sama.fr\/test\/wp-content\/uploads\/2014\/03\/petwood4-e1396694743304-225x300.jpg\" width=\"225\" height=\"300\" srcset=\"http:\/\/sama-sama.fr\/test\/wp-content\/uploads\/2014\/03\/petwood4-e1396694743304-225x300.jpg 225w, http:\/\/sama-sama.fr\/test\/wp-content\/uploads\/2014\/03\/petwood4-e1396694743304-768x1024.jpg 768w, http:\/\/sama-sama.fr\/test\/wp-content\/uploads\/2014\/03\/petwood4-e1396694743304.jpg 1024w\" sizes=\"(max-width: 225px) 100vw, 225px\" \/><\/td>\n<td class=\"couleur-cellule\">Noir graphite, veines bronze et argent<br \/>\nHauteur : 42cm \u2013 Diam\u00e8tre ovo\u00efde : 24cm<br \/>\nPoids : 48 Kg<\/td>\n<\/tr>\n<tr>\n<td class=\"couleur-cellule\"><img loading=\"lazy\" class=\"alignnone size-medium wp-image-695\" alt=\"petwood5\" src=\"http:\/\/sama-sama.fr\/test\/wp-content\/uploads\/2014\/03\/petwood5-e1396694842514-225x300.jpg\" width=\"225\" height=\"300\" srcset=\"http:\/\/sama-sama.fr\/test\/wp-content\/uploads\/2014\/03\/petwood5-e1396694842514-225x300.jpg 225w, http:\/\/sama-sama.fr\/test\/wp-content\/uploads\/2014\/03\/petwood5-e1396694842514-768x1024.jpg 768w, http:\/\/sama-sama.fr\/test\/wp-content\/uploads\/2014\/03\/petwood5-e1396694842514.jpg 1014w\" sizes=\"(max-width: 225px) 100vw, 225px\" \/><\/td>\n<td class=\"couleur-cellule\">Noir graphite, veines bleues et brunes<br \/>\nHauteur : 50cm \u2013 Diam\u00e8tre : 29cm<br \/>\nPoids : 71 Kg<\/td>\n<td class=\"couleur-cellule\"><img loading=\"lazy\" class=\"alignnone size-medium wp-image-694\" alt=\"petwood6\" src=\"http:\/\/sama-sama.fr\/test\/wp-content\/uploads\/2014\/03\/petwood6-e1396694924547-224x300.jpg\" width=\"224\" height=\"300\" srcset=\"http:\/\/sama-sama.fr\/test\/wp-content\/uploads\/2014\/03\/petwood6-e1396694924547-224x300.jpg 224w, http:\/\/sama-sama.fr\/test\/wp-content\/uploads\/2014\/03\/petwood6-e1396694924547-767x1024.jpg 767w, http:\/\/sama-sama.fr\/test\/wp-content\/uploads\/2014\/03\/petwood6-e1396694924547.jpg 1024w\" sizes=\"(max-width: 224px) 100vw, 224px\" \/><\/td>\n<td class=\"couleur-cellule\">Noir graphite, veines bleues et brunes<br \/>\nHauteur : 50cm \u2013 Diam\u00e8tre : 35cm<br \/>\nPoids : 85 Kg<\/td>\n<\/tr>\n<tr>\n<td class=\"couleur-cellule\"><img loading=\"lazy\" class=\"alignnone size-medium wp-image-693\" alt=\"petwood7\" src=\"http:\/\/sama-sama.fr\/test\/wp-content\/uploads\/2014\/03\/petwood7-e1396694980689-225x300.jpg\" width=\"225\" height=\"300\" srcset=\"http:\/\/sama-sama.fr\/test\/wp-content\/uploads\/2014\/03\/petwood7-e1396694980689-225x300.jpg 225w, http:\/\/sama-sama.fr\/test\/wp-content\/uploads\/2014\/03\/petwood7-e1396694980689-768x1024.jpg 768w, http:\/\/sama-sama.fr\/test\/wp-content\/uploads\/2014\/03\/petwood7-e1396694980689.jpg 1039w\" sizes=\"(max-width: 225px) 100vw, 225px\" \/><\/td>\n<td class=\"couleur-cellule\">Noir graphite, veines bleues et brunes<br \/>\nHauteur : 45cm \u2013 Diam\u00e8tre : 30cm<br \/>\nPoids : 68 Kg<\/td>\n<td class=\"couleur-cellule\"><img loading=\"lazy\" class=\"alignnone size-medium wp-image-692\" alt=\"petwood8\" src=\"http:\/\/sama-sama.fr\/test\/wp-content\/uploads\/2014\/03\/petwood8-e1396695046808-225x300.jpg\" width=\"225\" height=\"300\" srcset=\"http:\/\/sama-sama.fr\/test\/wp-content\/uploads\/2014\/03\/petwood8-e1396695046808-225x300.jpg 225w, http:\/\/sama-sama.fr\/test\/wp-content\/uploads\/2014\/03\/petwood8-e1396695046808-768x1024.jpg 768w, http:\/\/sama-sama.fr\/test\/wp-content\/uploads\/2014\/03\/petwood8-e1396695046808.jpg 1041w\" sizes=\"(max-width: 225px) 100vw, 225px\" \/><\/td>\n<td class=\"couleur-cellule\">Noir graphite, veines ocres et brunes<br \/>\nHauteur : 40cm \u2013 Diam\u00e8tre : 29cm<br \/>\nPoids : 58 Kg<\/td>\n<\/tr>\n<tr>\n<td class=\"couleur-cellule\"><img loading=\"lazy\" class=\"alignnone size-medium wp-image-691\" alt=\"petwood9\" src=\"http:\/\/sama-sama.fr\/test\/wp-content\/uploads\/2014\/03\/petwood9-e1396695110214-224x300.jpg\" width=\"224\" height=\"300\" srcset=\"http:\/\/sama-sama.fr\/test\/wp-content\/uploads\/2014\/03\/petwood9-e1396695110214-224x300.jpg 224w, http:\/\/sama-sama.fr\/test\/wp-content\/uploads\/2014\/03\/petwood9-e1396695110214-767x1024.jpg 767w, http:\/\/sama-sama.fr\/test\/wp-content\/uploads\/2014\/03\/petwood9-e1396695110214.jpg 1073w\" sizes=\"(max-width: 224px) 100vw, 224px\" \/><\/td>\n<td class=\"couleur-cellule\">Noir graphite, veines bleues et brunes<br \/>\nHauteur : 46cm \u2013 Diam\u00e8tre : 35cm<br \/>\nPoids : 75 Kg<\/td>\n<td class=\"couleur-cellule\"><img loading=\"lazy\" class=\"alignnone size-medium wp-image-690\" alt=\"petwood10\" src=\"http:\/\/sama-sama.fr\/test\/wp-content\/uploads\/2014\/03\/petwood10-e1396695161811-225x300.jpg\" width=\"225\" height=\"300\" srcset=\"http:\/\/sama-sama.fr\/test\/wp-content\/uploads\/2014\/03\/petwood10-e1396695161811-225x300.jpg 225w, http:\/\/sama-sama.fr\/test\/wp-content\/uploads\/2014\/03\/petwood10-e1396695161811-768x1024.jpg 768w, http:\/\/sama-sama.fr\/test\/wp-content\/uploads\/2014\/03\/petwood10-e1396695161811.jpg 1083w\" sizes=\"(max-width: 225px) 100vw, 225px\" \/><\/td>\n<td class=\"couleur-cellule\">Noir graphite, beige et ocre<br \/>\nHauteur : 54cm \u2013 Diam\u00e8tre : 19cm<br \/>\nPoids : 28 Kg<\/td>\n<\/tr>\n<tr>\n<td class=\"couleur-cellule\"><img loading=\"lazy\" class=\"alignnone size-medium wp-image-689\" alt=\"petwood11\" src=\"http:\/\/sama-sama.fr\/test\/wp-content\/uploads\/2014\/03\/petwood11-e1396695231601-224x300.jpg\" width=\"224\" height=\"300\" srcset=\"http:\/\/sama-sama.fr\/test\/wp-content\/uploads\/2014\/03\/petwood11-e1396695231601-224x300.jpg 224w, http:\/\/sama-sama.fr\/test\/wp-content\/uploads\/2014\/03\/petwood11-e1396695231601-767x1024.jpg 767w, http:\/\/sama-sama.fr\/test\/wp-content\/uploads\/2014\/03\/petwood11-e1396695231601.jpg 1073w\" sizes=\"(max-width: 224px) 100vw, 224px\" \/><\/td>\n<td class=\"couleur-cellule\">Noir graphite, traces bleues et brunes<br \/>\nHauteur : 50cm \u2013 Diam\u00e8tre ovo\u00efde : 29cm<br \/>\nPoids : 48 Kg<\/td>\n<td class=\"couleur-cellule\"><img loading=\"lazy\" class=\"alignnone size-medium wp-image-688\" alt=\"petwood12\" src=\"http:\/\/sama-sama.fr\/test\/wp-content\/uploads\/2014\/03\/petwood12-e1396695257911-224x300.jpg\" width=\"224\" height=\"300\" srcset=\"http:\/\/sama-sama.fr\/test\/wp-content\/uploads\/2014\/03\/petwood12-e1396695257911-224x300.jpg 224w, http:\/\/sama-sama.fr\/test\/wp-content\/uploads\/2014\/03\/petwood12-e1396695257911-767x1024.jpg 767w, http:\/\/sama-sama.fr\/test\/wp-content\/uploads\/2014\/03\/petwood12-e1396695257911.jpg 1073w\" sizes=\"(max-width: 224px) 100vw, 224px\" \/><\/td>\n<td class=\"couleur-cellule\">Noir graphite, blanc et beige<br \/>\nHauteur : 45cm \u2013 Diam\u00e8tre : 26cm<br \/>\nPoids : 45 Kg<\/td>\n<\/tr>\n<tr>\n<td class=\"couleur-cellule\"><img loading=\"lazy\" class=\"alignnone size-medium wp-image-687\" alt=\"petwood13\" src=\"http:\/\/sama-sama.fr\/test\/wp-content\/uploads\/2014\/03\/petwood13-e1396695313393-225x300.jpg\" width=\"225\" height=\"300\" srcset=\"http:\/\/sama-sama.fr\/test\/wp-content\/uploads\/2014\/03\/petwood13-e1396695313393-225x300.jpg 225w, http:\/\/sama-sama.fr\/test\/wp-content\/uploads\/2014\/03\/petwood13-e1396695313393-768x1024.jpg 768w, http:\/\/sama-sama.fr\/test\/wp-content\/uploads\/2014\/03\/petwood13-e1396695313393.jpg 1065w\" sizes=\"(max-width: 225px) 100vw, 225px\" \/><\/td>\n<td class=\"couleur-cellule\">Noir graphite, traces bleues et brunes<br \/>\nHauteur : 32cm \u2013 Diam\u00e8tre ovo\u00efde : 29cm<br \/>\nPoids : 45 Kg<\/td>\n<td class=\"couleur-cellule\"><img loading=\"lazy\" class=\"alignnone size-medium wp-image-686\" alt=\"petwood14\" src=\"http:\/\/sama-sama.fr\/test\/wp-content\/uploads\/2014\/03\/petwood14-e1396695337975-225x300.jpg\" width=\"225\" height=\"300\" srcset=\"http:\/\/sama-sama.fr\/test\/wp-content\/uploads\/2014\/03\/petwood14-e1396695337975-225x300.jpg 225w, http:\/\/sama-sama.fr\/test\/wp-content\/uploads\/2014\/03\/petwood14-e1396695337975.jpg 480w\" sizes=\"(max-width: 225px) 100vw, 225px\" \/><\/td>\n<td class=\"couleur-cellule\">Noir graphite, lignes brunes<br \/>\nHauteur : 41cm \u2013 Diam\u00e8tre : 29cm<br \/>\nPoids : 67 Kg<\/td>\n<\/tr>\n<tr>\n<td class=\"couleur-cellule\"><img loading=\"lazy\" class=\"alignnone size-medium wp-image-685\" alt=\"petwood15\" src=\"http:\/\/sama-sama.fr\/test\/wp-content\/uploads\/2014\/03\/petwood15-e1396695368707-225x300.jpg\" width=\"225\" height=\"300\" srcset=\"http:\/\/sama-sama.fr\/test\/wp-content\/uploads\/2014\/03\/petwood15-e1396695368707-225x300.jpg 225w, http:\/\/sama-sama.fr\/test\/wp-content\/uploads\/2014\/03\/petwood15-e1396695368707.jpg 480w\" sizes=\"(max-width: 225px) 100vw, 225px\" \/><\/td>\n<td class=\"couleur-cellule\">Blanc et cr\u00e8me, veines grises et noires<br \/>\nHauteur : 52cm \u2013 Diam\u00e8tre ovo\u00efde : 41cm<br \/>\nPoids : 95 Kg<\/td>\n<td class=\"couleur-cellule\"><img loading=\"lazy\" class=\"alignnone size-medium wp-image-700\" alt=\"petwood16\" src=\"http:\/\/sama-sama.fr\/test\/wp-content\/uploads\/2014\/03\/petwood16-e1396695413265-225x300.jpg\" width=\"225\" height=\"300\" srcset=\"http:\/\/sama-sama.fr\/test\/wp-content\/uploads\/2014\/03\/petwood16-e1396695413265-225x300.jpg 225w, http:\/\/sama-sama.fr\/test\/wp-content\/uploads\/2014\/03\/petwood16-e1396695413265.jpg 480w\" sizes=\"(max-width: 225px) 100vw, 225px\" \/><\/td>\n<td class=\"couleur-cellule\">Palette de bruns, veines beige et blanches<br \/>\nHauteur : 48cm \u2013 Diam\u00e8tre : 36cm<br \/>\nPoids : 85 Kg<\/td>\n<\/tr>\n<tr>\n<td class=\"couleur-cellule\"><img loading=\"lazy\" class=\"alignnone size-medium wp-image-725\" alt=\"petwood2-1\" src=\"http:\/\/sama-sama.fr\/test\/wp-content\/uploads\/2014\/03\/petwood2-1-e1396696836958-225x300.jpg\" width=\"225\" height=\"300\" srcset=\"http:\/\/sama-sama.fr\/test\/wp-content\/uploads\/2014\/03\/petwood2-1-e1396696836958-225x300.jpg 225w, http:\/\/sama-sama.fr\/test\/wp-content\/uploads\/2014\/03\/petwood2-1-e1396696836958.jpg 480w\" sizes=\"(max-width: 225px) 100vw, 225px\" \/><\/td>\n<td class=\"couleur-cellule\">Blanc et cr\u00e8me, veines rouges dominantes<br \/>\nHauteur : 44cm \u2013 Diam\u00e8tre ovo\u00efde : 40cm<br \/>\nPoids : 100 Kg<\/td>\n<td class=\"couleur-cellule\"><img loading=\"lazy\" class=\"alignnone size-medium wp-image-724\" alt=\"petwood2-2\" src=\"http:\/\/sama-sama.fr\/test\/wp-content\/uploads\/2014\/03\/petwood2-2-e1396696850320-225x300.jpg\" width=\"225\" height=\"300\" srcset=\"http:\/\/sama-sama.fr\/test\/wp-content\/uploads\/2014\/03\/petwood2-2-e1396696850320-225x300.jpg 225w, http:\/\/sama-sama.fr\/test\/wp-content\/uploads\/2014\/03\/petwood2-2-e1396696850320.jpg 480w\" sizes=\"(max-width: 225px) 100vw, 225px\" \/><\/td>\n<td class=\"couleur-cellule\">Blanc et gris clair, veines noires<br \/>\nHauteur : 52cm \u2013 Diam\u00e8tre ovo\u00efde : 32cm<br \/>\nPoids : 75 Kg<\/td>\n<\/tr>\n<tr>\n<td class=\"couleur-cellule\"><img loading=\"lazy\" class=\"alignnone size-medium wp-image-723\" alt=\"petwood2-3\" src=\"http:\/\/sama-sama.fr\/test\/wp-content\/uploads\/2014\/03\/petwood2-3-e1396696862757-225x300.jpg\" width=\"225\" height=\"300\" srcset=\"http:\/\/sama-sama.fr\/test\/wp-content\/uploads\/2014\/03\/petwood2-3-e1396696862757-225x300.jpg 225w, http:\/\/sama-sama.fr\/test\/wp-content\/uploads\/2014\/03\/petwood2-3-e1396696862757.jpg 480w\" sizes=\"(max-width: 225px) 100vw, 225px\" \/><\/td>\n<td class=\"couleur-cellule\">Blanc et cr\u00e8me, veines grises et noires<br \/>\nHauteur : 47cm \u2013 Diam\u00e8tre ovo\u00efde : 40cm<br \/>\nPoids : 85 Kg<\/td>\n<td class=\"couleur-cellule\"><img loading=\"lazy\" class=\"alignnone size-medium wp-image-722\" alt=\"petwood2-4\" src=\"http:\/\/sama-sama.fr\/test\/wp-content\/uploads\/2014\/03\/petwood2-4-e1396696345877-225x300.jpg\" width=\"225\" height=\"300\" srcset=\"http:\/\/sama-sama.fr\/test\/wp-content\/uploads\/2014\/03\/petwood2-4-e1396696345877-225x300.jpg 225w, http:\/\/sama-sama.fr\/test\/wp-content\/uploads\/2014\/03\/petwood2-4-e1396696345877.jpg 480w\" sizes=\"(max-width: 225px) 100vw, 225px\" \/><\/td>\n<td class=\"couleur-cellule\">Blanc dominant, veines beiges<br \/>\nHauteur : 52cm \u2013 Diam\u00e8tre : 41cm<br \/>\nPoids : 98 Kg<\/td>\n<\/tr>\n<tr>\n<td class=\"couleur-cellule\"><img loading=\"lazy\" class=\"alignnone size-medium wp-image-721\" alt=\"petwood2-5\" src=\"http:\/\/sama-sama.fr\/test\/wp-content\/uploads\/2014\/03\/petwood2-5-e1396697062113-225x300.jpg\" width=\"225\" height=\"300\" srcset=\"http:\/\/sama-sama.fr\/test\/wp-content\/uploads\/2014\/03\/petwood2-5-e1396697062113-225x300.jpg 225w, http:\/\/sama-sama.fr\/test\/wp-content\/uploads\/2014\/03\/petwood2-5-e1396697062113.jpg 480w\" sizes=\"(max-width: 225px) 100vw, 225px\" \/><\/td>\n<td class=\"couleur-cellule\">Blanc et cr\u00e8me, veines grises<br \/>\nHauteur : 52cm \u2013 Diam\u00e8tre : 32cm<br \/>\nPoids : 85 Kg<\/td>\n<td class=\"couleur-cellule\"><img loading=\"lazy\" class=\"alignnone size-medium wp-image-720\" alt=\"petwood2-6\" src=\"http:\/\/sama-sama.fr\/test\/wp-content\/uploads\/2014\/03\/petwood2-6-e1396696386318-225x300.jpg\" width=\"225\" height=\"300\" srcset=\"http:\/\/sama-sama.fr\/test\/wp-content\/uploads\/2014\/03\/petwood2-6-e1396696386318-225x300.jpg 225w, http:\/\/sama-sama.fr\/test\/wp-content\/uploads\/2014\/03\/petwood2-6-e1396696386318.jpg 480w\" sizes=\"(max-width: 225px) 100vw, 225px\" \/><\/td>\n<td class=\"couleur-cellule\">Blanc et beige dominant, veines brunes et ocres, effet miroir et glac\u00e9<br \/>\nHauteur : 50cm \u2013 Diam\u00e8tre : 32cm<br \/>\nPoids : 78 Kg<\/td>\n<\/tr>\n<tr>\n<td class=\"couleur-cellule\"><img loading=\"lazy\" class=\"alignnone size-medium wp-image-719\" alt=\"petwood2-7\" src=\"http:\/\/sama-sama.fr\/test\/wp-content\/uploads\/2014\/03\/petwood2-7-e1396696437510-225x300.jpg\" width=\"225\" height=\"300\" srcset=\"http:\/\/sama-sama.fr\/test\/wp-content\/uploads\/2014\/03\/petwood2-7-e1396696437510-225x300.jpg 225w, http:\/\/sama-sama.fr\/test\/wp-content\/uploads\/2014\/03\/petwood2-7-e1396696437510.jpg 480w\" sizes=\"(max-width: 225px) 100vw, 225px\" \/><\/td>\n<td class=\"couleur-cellule\">Blanc et beige dominant, veines brunes et ocres, effet miroir et glac\u00e9<br \/>\nHauteur : 50cm \u2013 Diam\u00e8tre : 29cm<br \/>\nPoids : 57 Kg<\/td>\n<td class=\"couleur-cellule\"><img loading=\"lazy\" class=\"alignnone size-medium wp-image-718\" alt=\"petwood2-8\" src=\"http:\/\/sama-sama.fr\/test\/wp-content\/uploads\/2014\/03\/petwood2-8-e1396696455605-225x300.jpg\" width=\"225\" height=\"300\" srcset=\"http:\/\/sama-sama.fr\/test\/wp-content\/uploads\/2014\/03\/petwood2-8-e1396696455605-225x300.jpg 225w, http:\/\/sama-sama.fr\/test\/wp-content\/uploads\/2014\/03\/petwood2-8-e1396696455605.jpg 480w\" sizes=\"(max-width: 225px) 100vw, 225px\" \/><\/td>\n<td class=\"couleur-cellule\">Blanc et beige dominant, veines brunes et ocres, effet miroir et glac\u00e9<br \/>\nHauteur : 50cm \u2013 Diam\u00e8tre : 33cm<br \/>\nPoids : 56 Kg<\/td>\n<\/tr>\n<tr>\n<td class=\"couleur-cellule\"><img loading=\"lazy\" class=\"alignnone size-medium wp-image-717\" alt=\"petwood2-9\" src=\"http:\/\/sama-sama.fr\/test\/wp-content\/uploads\/2014\/03\/petwood2-9-e1396696468220-225x300.jpg\" width=\"225\" height=\"300\" srcset=\"http:\/\/sama-sama.fr\/test\/wp-content\/uploads\/2014\/03\/petwood2-9-e1396696468220-225x300.jpg 225w, http:\/\/sama-sama.fr\/test\/wp-content\/uploads\/2014\/03\/petwood2-9-e1396696468220.jpg 480w\" sizes=\"(max-width: 225px) 100vw, 225px\" \/><\/td>\n<td class=\"couleur-cellule\">Blanc et beige dominant, veines brunes et ocres, effet miroir et glac\u00e9<br \/>\nHauteur : 50cm \u2013 Diam\u00e8tre : 30cm<br \/>\nPoids : 56 Kg<\/td>\n<td class=\"couleur-cellule\"><img loading=\"lazy\" class=\"alignnone size-medium wp-image-716\" alt=\"petwood2-10\" src=\"http:\/\/sama-sama.fr\/test\/wp-content\/uploads\/2014\/03\/petwood2-10-e1396696487749-225x300.jpg\" width=\"225\" height=\"300\" srcset=\"http:\/\/sama-sama.fr\/test\/wp-content\/uploads\/2014\/03\/petwood2-10-e1396696487749-225x300.jpg 225w, http:\/\/sama-sama.fr\/test\/wp-content\/uploads\/2014\/03\/petwood2-10-e1396696487749.jpg 480w\" sizes=\"(max-width: 225px) 100vw, 225px\" \/><\/td>\n<td class=\"couleur-cellule\">Blanc et beige dominant, veines brunes noires et ocres, effet miroir et glac\u00e9<br \/>\nHauteur : 50cm \u2013 Diam\u00e8tre : 16cm<br \/>\nPoids : 22 Kg<\/td>\n<\/tr>\n<tr>\n<td class=\"couleur-cellule\"><img loading=\"lazy\" class=\"alignnone size-medium wp-image-715\" alt=\"petwood2-11\" src=\"http:\/\/sama-sama.fr\/test\/wp-content\/uploads\/2014\/03\/petwood2-11-e1396696506697-225x300.jpg\" width=\"225\" height=\"300\" srcset=\"http:\/\/sama-sama.fr\/test\/wp-content\/uploads\/2014\/03\/petwood2-11-e1396696506697-225x300.jpg 225w, http:\/\/sama-sama.fr\/test\/wp-content\/uploads\/2014\/03\/petwood2-11-e1396696506697.jpg 480w\" sizes=\"(max-width: 225px) 100vw, 225px\" \/><\/td>\n<td class=\"couleur-cellule\">Blanc et beige dominant, veines brunes et ocres, effet miroir et glac\u00e9<br \/>\nHauteur : 51cm \u2013 Diam\u00e8tre : 32cm<br \/>\nPoids : 75 Kg<\/td>\n<td class=\"couleur-cellule\"><img loading=\"lazy\" class=\"alignnone size-medium wp-image-714\" alt=\"petwood2-12\" src=\"http:\/\/sama-sama.fr\/test\/wp-content\/uploads\/2014\/03\/petwood2-12-e1396696519570-225x300.jpg\" width=\"225\" height=\"300\" srcset=\"http:\/\/sama-sama.fr\/test\/wp-content\/uploads\/2014\/03\/petwood2-12-e1396696519570-225x300.jpg 225w, http:\/\/sama-sama.fr\/test\/wp-content\/uploads\/2014\/03\/petwood2-12-e1396696519570.jpg 480w\" sizes=\"(max-width: 225px) 100vw, 225px\" \/><\/td>\n<td class=\"couleur-cellule\">Noir, effets marbr\u00e9s blanc et argent<br \/>\nHauteur : 45cm \u2013 Diam\u00e8tre : 29cm<br \/>\nPoids : 45 Kg<\/td>\n<\/tr>\n<tr>\n<td class=\"couleur-cellule\"><img loading=\"lazy\" class=\"alignnone size-medium wp-image-713\" alt=\"petwood2-13\" src=\"http:\/\/sama-sama.fr\/test\/wp-content\/uploads\/2014\/03\/petwood2-13-e1396696531730-225x300.jpg\" width=\"225\" height=\"300\" srcset=\"http:\/\/sama-sama.fr\/test\/wp-content\/uploads\/2014\/03\/petwood2-13-e1396696531730-225x300.jpg 225w, http:\/\/sama-sama.fr\/test\/wp-content\/uploads\/2014\/03\/petwood2-13-e1396696531730.jpg 480w\" sizes=\"(max-width: 225px) 100vw, 225px\" \/><\/td>\n<td class=\"couleur-cellule\">Blanc et cr\u00e8me, veines grises et noires<br \/>\nHauteur : 38cm \u2013 Diam\u00e8tre : 28cm<br \/>\nPoids : 45 Kg<\/td>\n<td class=\"couleur-cellule\"><img loading=\"lazy\" class=\"alignnone size-medium wp-image-712\" alt=\"petwood2-14\" src=\"http:\/\/sama-sama.fr\/test\/wp-content\/uploads\/2014\/03\/petwood2-14-e1396696544234-225x300.jpg\" width=\"225\" height=\"300\" srcset=\"http:\/\/sama-sama.fr\/test\/wp-content\/uploads\/2014\/03\/petwood2-14-e1396696544234-225x300.jpg 225w, http:\/\/sama-sama.fr\/test\/wp-content\/uploads\/2014\/03\/petwood2-14-e1396696544234.jpg 480w\" sizes=\"(max-width: 225px) 100vw, 225px\" \/><\/td>\n<td class=\"couleur-cellule\">Blancs et ocres dominants, veines beige<br \/>\nHauteur : 51cm \u2013 Diam\u00e8tre : 29cm<br \/>\nPoids : 72 Kg<\/td>\n<\/tr>\n<tr>\n<td class=\"couleur-cellule\"><img loading=\"lazy\" class=\"alignnone size-medium wp-image-711\" alt=\"petwood2-15\" src=\"http:\/\/sama-sama.fr\/test\/wp-content\/uploads\/2014\/03\/petwood2-15-e1396696557604-225x300.jpg\" width=\"225\" height=\"300\" srcset=\"http:\/\/sama-sama.fr\/test\/wp-content\/uploads\/2014\/03\/petwood2-15-e1396696557604-225x300.jpg 225w, http:\/\/sama-sama.fr\/test\/wp-content\/uploads\/2014\/03\/petwood2-15-e1396696557604-768x1024.jpg 768w, http:\/\/sama-sama.fr\/test\/wp-content\/uploads\/2014\/03\/petwood2-15-e1396696557604.jpg 1056w\" sizes=\"(max-width: 225px) 100vw, 225px\" \/><\/td>\n<td class=\"couleur-cellule\">Blancs et noirs dominants, veines bleut\u00e9es<br \/>\nHauteur : 45cm \u2013 Diam\u00e8tre : 26cm<br \/>\nPoids : 45 Kg<\/td>\n<td class=\"couleur-cellule\"><img loading=\"lazy\" class=\"alignnone size-medium wp-image-710\" alt=\"petwood2-16\" src=\"http:\/\/sama-sama.fr\/test\/wp-content\/uploads\/2014\/03\/petwood2-16-e1396696582401-225x300.jpg\" width=\"225\" height=\"300\" srcset=\"http:\/\/sama-sama.fr\/test\/wp-content\/uploads\/2014\/03\/petwood2-16-e1396696582401-225x300.jpg 225w, http:\/\/sama-sama.fr\/test\/wp-content\/uploads\/2014\/03\/petwood2-16-e1396696582401.jpg 480w\" sizes=\"(max-width: 225px) 100vw, 225px\" \/><\/td>\n<td class=\"couleur-cellule\">Blanc dominant, veines noires<br \/>\nHauteur : 58cm \u2013 Diam\u00e8tre : 16cm<br \/>\nPoids : 22 Kg<\/td>\n<\/tr>\n<tr>\n<td class=\"couleur-cellule\"><img loading=\"lazy\" class=\"alignnone size-medium wp-image-709\" alt=\"petwood2-17\" src=\"http:\/\/sama-sama.fr\/test\/wp-content\/uploads\/2014\/03\/petwood2-17-e1396696594871-225x300.jpg\" width=\"225\" height=\"300\" srcset=\"http:\/\/sama-sama.fr\/test\/wp-content\/uploads\/2014\/03\/petwood2-17-e1396696594871-225x300.jpg 225w, http:\/\/sama-sama.fr\/test\/wp-content\/uploads\/2014\/03\/petwood2-17-e1396696594871.jpg 480w\" sizes=\"(max-width: 225px) 100vw, 225px\" \/><\/td>\n<td class=\"couleur-cellule\">Blanc et beige dominant, veines brunes, ocres et noires, effet miroir et glac\u00e9<br \/>\nHauteur : 61cm \u2013 Diam\u00e8tre : 29cm<br \/>\nPoids : 75 Kg<\/td>\n<td class=\"couleur-cellule\"><img loading=\"lazy\" class=\"alignnone size-medium wp-image-708\" alt=\"petwood2-18\" src=\"http:\/\/sama-sama.fr\/test\/wp-content\/uploads\/2014\/03\/petwood2-18-e1396696606185-225x300.jpg\" width=\"225\" height=\"300\" srcset=\"http:\/\/sama-sama.fr\/test\/wp-content\/uploads\/2014\/03\/petwood2-18-e1396696606185-225x300.jpg 225w, http:\/\/sama-sama.fr\/test\/wp-content\/uploads\/2014\/03\/petwood2-18-e1396696606185.jpg 480w\" sizes=\"(max-width: 225px) 100vw, 225px\" \/><\/td>\n<td class=\"couleur-cellule\">Noir avec effets marbr\u00e9s blanc et brun<br \/>\nHauteur : 46cm \u2013 Diam\u00e8tre : 40cm<br \/>\nPoids : 65 Kg<\/td>\n<\/tr>\n<\/tbody>\n<\/table>\n","protected":false},"excerpt":{"rendered":"<p>Blanc et cr\u00e8me, veines rouges dominantes Hauteur : 44cm \u2013 Diam\u00e8tre ovo\u00efde : 40cm Poids : 100 Kg Blanc et gris clair, veines noires Hauteur : 52cm \u2013 Diam\u00e8tre ovoide : 32cm Poids : 75 Kg Blanc et beige dominant, veines brunes et ocres, effet miroir et glac\u00e9 Deux pi\u00e8ces \u2026 <a class=\"continue-reading-link\" href=\"http:\/\/sama-sama.fr\/test\/les-troncs-socles-et-presentoirs\/\"> Continue reading <span class=\"meta-nav\">&rarr; <\/span><\/a><\/p>\n","protected":false},"author":1,"featured_media":0,"parent":0,"menu_order":0,"comment_status":"closed","ping_status":"closed","template":"","meta":[],"_links":{"self":[{"href":"http:\/\/sama-sama.fr\/test\/wp-json\/wp\/v2\/pages\/251"}],"collection":[{"href":"http:\/\/sama-sama.fr\/test\/wp-json\/wp\/v2\/pages"}],"about":[{"href":"http:\/\/sama-sama.fr\/test\/wp-json\/wp\/v2\/types\/page"}],"author":[{"embeddable":true,"href":"http:\/\/sama-sama.fr\/test\/wp-json\/wp\/v2\/users\/1"}],"replies":[{"embeddable":true,"href":"http:\/\/sama-sama.fr\/test\/wp-json\/wp\/v2\/comments?post=251"}],"version-history":[{"count":23,"href":"http:\/\/sama-sama.fr\/test\/wp-json\/wp\/v2\/pages\/251\/revisions"}],"predecessor-version":[{"id":763,"href":"http:\/\/sama-sama.fr\/test\/wp-json\/wp\/v2\/pages\/251\/revisions\/763"}],"wp:attachment":[{"href":"http:\/\/sama-sama.fr\/test\/wp-json\/wp\/v2\/media?parent=251"}],"curies":[{"name":"wp","href":"https:\/\/api.w.org\/{rel}","templated":true}]}}